{"id":698,"date":"2015-02-27T13:19:15","date_gmt":"2015-02-27T12:19:15","guid":{"rendered":"http:\/\/www.syloslabiniassociati.com\/en\/?page_id=698"},"modified":"2016-02-17T19:54:52","modified_gmt":"2016-02-17T18:54:52","slug":"associate-cv","status":"publish","type":"page","link":"https:\/\/www.syloslabiniassociati.com\/en\/associate-cv\/","title":{"rendered":"Associate CV"},"content":{"rendered":"[vc_row][vc_column width=&#8221;1\/2&#8243;]<div class=\"wm-text-block\"><h3><strong><a href=\"http:\/\/www.syloslabiniassociati.com\/wordpress\/wp-content\/uploads\/2015\/04\/2014-curriculum-Mdf-COMPLETO-1.pdf\" target=\"_blank\">Scarica il CV Completo dal 1952<\/a><\/strong><\/h3>\n<\/div><hr class=\"wm-divider type-whitespace\" style=\"margin-bottom:10px;margin-top:10px;\" \/><div class=\"wm-text-block\"><h2 style=\"text-align: justify;\"><em>CV\u00a0DEI TITOLI DI STUDIO E PROFESSIONALI DEGLI ASSOCIATI<\/em><\/h2>\n<h5 style=\"text-align: justify;\"><\/h5>\n<h3 style=\"text-align: justify;\"><strong><em>TITOLARE DELLO STUDIO ASSOCIATO <\/em><\/strong><\/h3>\n<p style=\"text-align: justify;\"><strong>Dr. Ing. Mauro Sylos Labini<\/strong> , nato a Bari il 27 luglio 1919 &#8211; C.F. SYLMRA19L27A662O<\/p>\n<h6 style=\"text-align: justify;\"><em>TITOLO DI STUDIO:<\/em><\/h6>\n<p style=\"text-align: justify;\">Laurea di Ingegneria Civile Trasporti &#8211; Universit\u00e0 di Napoli, anno 1946. \u2013<\/p>\n<p style=\"text-align: justify;\"><em>ISCRIZIONE ALBO DEGLI INGEGNERI<\/em>: BARI n. 402 anno 1948.<\/p>\n<h6 style=\"text-align: justify;\"><em>ATTIVITA\u2019 DI RESPONSABILITA\u2019 PUBBLICA:<\/em><\/h6>\n<p style=\"text-align: justify;\">Assistente presso la Cattedra di estimo della facolt\u00e0 di Ingegneria dell\u2019Universit\u00e0 di Bari dal 1951 al 1956. Iscritto all\u2019Albo dei Collaudatori della Regione Puglia. Iscritto all\u2019Albo dei Fondi Immobiliari Italiani. Iscritto all\u2019Albo degli Arbitri Camerali Italiani<\/p>\n<p style=\"text-align: justify;\">Abilitato alla redazione dei piani di sicurezza di cui alla Legge 494\/96<\/p>\n<h6 style=\"text-align: justify;\"><em>ATTIVITA\u2019 PROFESSIONALE:<\/em><\/h6>\n<p style=\"text-align: justify;\">dal 1947 al 1951 Capo Ufficio Tecnico E.A. Fiera del Levante di Bari. &#8211; Dal 1952 titolare dello Studio Tecnico Sylos Labini. &#8211; Dal 1984 lo Studio Associato apre la sede di Roma attualmente in Via Raimondo da Capua n. 12.<\/p>\n<p style=\"text-align: justify;\">Direttore dei Lavori di importanti opere sul territorio: Aeroporto di Bari \u2013 Palese; Porto di Manfredonia; Sede della Gazzetta del Mezzogiorno; Banca Popolare di Bari<\/p>\n<h3 style=\"text-align: justify;\"><strong>\u00a0<\/strong><\/h3>\n<h3 style=\"text-align: justify;\"><strong><em>TITOLARE DELLO STUDIO ASSOCIATO<\/em><\/strong><\/h3>\n<p style=\"text-align: justify;\"><strong>Dr. Ing. Domingo Sylos Labini<\/strong>, nato a Palombaio di Bitonto (BA) il 1\u00b0 gennaio 1944 \u2013 C.F. SYLDNG44A01A893O<\/p>\n<h6 style=\"text-align: justify;\"><em>TITOLO DI STUDIO:<\/em><\/h6>\n<p style=\"text-align: justify;\">Laurea in Ingegneria Civile Edile dell\u2019Universit\u00e0 di Bari, anno 1968. \u2013<\/p>\n<p style=\"text-align: justify;\"><em>ISCRIZIONE ALBO DEGLI INGEGNERI<\/em> Bari n. 1387, anno 1969.<\/p>\n<h6 style=\"text-align: justify;\"><em>ATTIVITA\u2019 DI RESPONSABILITA\u2019 PUBBLICA<\/em><\/h6>\n<p style=\"text-align: justify;\">Iscritto all\u2019Albo dei Fondi Immobiliari Italiani. Iscritto all\u2019Albo dei Collaudatori della Regione Puglia.<\/p>\n<p style=\"text-align: justify;\">Iscritto all\u2019Albo degli Arbitri Camerali Italiani. Dal 1978 al 1988 Consigliere e Tesoriere dell\u2019Ordine degli Ingegneri della Provincia di Bari.<\/p>\n<p style=\"text-align: justify;\">Dal 1979 al 1985 Componente della Commissione Edilizia del Comune di Bari. &#8211; Dal 1986 al 1991 Componente della Commissione Urbanistica del Comune di Bari.<\/p>\n<p style=\"text-align: justify;\">Dal 1998 Consigliere del Direttivo Nazionale dell&#8217;OICE, Associazione Italiana delle Societ\u00e0 di Ingegneria. &#8211; Dal 1999 al 2001 Componente della Commissione Aggiunta per l&#8217;Urbanistica del Comune di Bari.<\/p>\n<p style=\"text-align: justify;\">Abilitato alla redazione dei piani di sicurezza di cui alla Legge 494\/96<\/p>\n<h6 style=\"text-align: justify;\"><em>ATTIVITA\u2019 PROFESSIONALE:<\/em><\/h6>\n<p style=\"text-align: justify;\">Dal 1969 associato dello Studio Tecnico Sylos Labini con sede in Bari alla Via Marchese di Montrone n. 47. &#8211; Dal 1984 lo Studio Associato apre la sede di Roma attualmente in Via Raimondo da Capua,12;<\/p>\n<p style=\"text-align: justify;\">Tecnico Locale della Banca d\u2019Italia dal 2003.<\/p>\n<h3 style=\"text-align: justify;\"><strong><em>TITOLARE DELLO STUDIO ASSOCIATO<\/em><\/strong><\/h3>\n<p style=\"text-align: justify;\"><strong>Prof. Ing. Francesco Sylos Labini<\/strong>, nato a Bari il 24 marzo 1947 \u2013 C.F. SYLFNC47C24A662V<\/p>\n<h6 style=\"text-align: justify;\"><em>TITOLO DI STUDIO:<\/em><\/h6>\n<p style=\"text-align: justify;\">Laurea in Ingegneria Civile Edile, Universit\u00e0 di Bari, anno 1971. &#8211; Master of Science in Ingegneria Civile, Columbia University, New York, U.S.A. 1973<\/p>\n<p style=\"text-align: justify;\"><em>ISCRIZIONE ALBO DEGLI INGEGNERI<\/em>: Bari n. 1574, anno 1972.<\/p>\n<h6 style=\"text-align: justify;\"><em>CORSI DI STUDIO POST-UNIVERSITARI:<\/em><\/h6>\n<p style=\"text-align: justify;\">Ingegneria Aerospaziale (strutture) Universit\u00e0 di Roma, 1971-1972 &#8211; Centro di Calcolo Elettronico Universit\u00e0 di Pisa, 1969.<\/p>\n<h6 style=\"text-align: justify;\"><em>TITOLO ACCADEMICO:<\/em><\/h6>\n<p style=\"text-align: justify;\">Professore incaricato di \u201cPonti e grandi strutture\u201d presso l\u2019Universit\u00e0 di Roma, facolt\u00e0 Architettura. Professore di \u201cTipologia Strutturale\u201d presso il Politecnico di Bari, facolt\u00e0 Architettura, nell\u2019Anno Accademico 1994\/95.<\/p>\n<p style=\"text-align: justify;\">Professore di Laboratorio di Costruzioni di Architettura 2 presso la facolt\u00e0 di Architettura Ludovico Quaroni, della Universit\u00e0 degli Studi di Roma \u201cLa Sapienza\u201d<\/p>\n<h6 style=\"text-align: justify;\"><em>ATTIVITA\u2019 PROFESSIONALE:<\/em><\/h6>\n<p style=\"text-align: justify;\">Anno 1971, collaboratore del Prof. Fabrizio De Miranda presso il suo Studio di Milano. &#8211; Dal 1972 al 1973 collaboratore del Prof. Mario Salvadori presso il suo Studio di New York.<\/p>\n<p style=\"text-align: justify;\">Dal 1974 al 1975 \u201cIngegnere Junior\u201d presso lo studio del Prof. Riccardo Morandi. &#8211; Anno 1976, Responsabile della Progettazione strutturale di \u201cHellmand Valley Extension Road Project\u201d in Afghanistan per conto della Societ\u00e0 di Ingegneria S.A.U.T.I. Roma. &#8211; Dal 1977 al 1979, consulente presso il reparto strutture della Societ\u00e0 di Ingegneria \u201cI.T.S. Servizi Tecnici Internazionali\u201d Roma. \u2013<\/p>\n<p style=\"text-align: justify;\">Dal 1979 al 1984 titolare dello \u201cStudio di Ingegneria Civile Francesco Sylos Labini\u201d, in Roma. &#8211; Dal 1984 in poi contitolare dello \u201cStudio Associato Ingegneri Sylos Labini\u201d con sede in Bari e Roma.<\/p>\n<h6 style=\"text-align: justify;\"><em>ATTIVITA\u2019 DIDATTICA<\/em><\/h6>\n<p style=\"text-align: justify;\">Dall\u2019anno accademico 1974-75 all\u2019anno accademico 1976-77 ha svolto le esercitazioni al corso di Scienza della Costruzioni, in qualit\u00e0 di addetto alle esercitazioni presso la Facolt\u00e0 di Architettura dell\u2019Universit\u00e0 di Roma. &#8211; Nell\u2019anno accademico 1977-78 ha svolto in qualit\u00e0 di Professore incaricato il corso di Tecnica delle Costruzioni, presso la stessa facolt\u00e0. &#8211; Dall\u2019anno accademico 1978-79 ad oggi, sempre presso la stessa Facolt\u00e0, ha svolto il corso di Progettazione di Grandi Strutture (gi\u00e0 Ponti e Grandi Strutture). &#8211; Nell\u2019anno accademico 1994-95 ha svolto il corso di \u201cTipologia Strutturale\u201d presso la facolt\u00e0 di Architettura del Politecnico di Bari. \u2013<\/p>\n<h6 style=\"text-align: justify;\"><em>ATTIVITA\u2019 SCIENTIFICA<\/em><\/h6>\n<h6 style=\"text-align: justify;\"><em>TITOLI UNIVERSITARI<\/em><\/h6>\n<p style=\"text-align: justify;\">Nel 1969 vincitore del concorso per una borsa di studio del Centro di Calcolo Elettronico dell\u2019Universit\u00e0 di Pisa. &#8211; Nel 1971 si laurea in Ingegneria Civile, sottosezione Edile, presso la Facolt\u00e0 di Ingegneria dell\u2019Universit\u00e0 di Bari. &#8211; Nel 1971 vincitore del concorso per una borsa di studio della Scuola di Ingegneria Aerospaziale dell\u2019Universit\u00e0 di Roma. &#8211; Nel 1972 vincitore del concorso per una borsa di studio della Commissione per gli scambi culturali fra l\u2019Italia e gli Stati Uniti. &#8211; La borsa viene assegnata dopo selezione nazionale, per svolgere un programma di ricerca annuale, negli U.S.A., presso la Columbia University nella citt\u00e0 di New York. &#8211; Nel 1973 gli viene conferito il Master of Science della Scuola di Ingegneria della Columbia University, corrispondente al secondo livello di laurea negli U.S.A.. &#8211; Nel 1974 viene chiamato dal Prof. Giovanni Morabito a collaborare all\u2019attivit\u00e0 scientifica e didattica dell\u2019Istituto di Scienza Tecnica delle Costruzioni dell\u2019Universit\u00e0 di Roma. &#8211; Nell\u2019anno accademico 1977-78 vince il concorso di Tecnica delle Costruzioni della Facolt\u00e0 di Architettura dell\u2019Universit\u00e0 di Roma. &#8211; Dal 1978 \u00e8 professore incaricato del corso di Progettazione di grandi Strutture presso la stessa facolt\u00e0. &#8211; Dal 1994 \u00e8 titolare del corso di \u201cTipologia strutturale\u201d presso la Facolt\u00e0 di Architettura del Politecnico di Bari.<\/p>\n<h6 style=\"text-align: justify;\">\u00a0<em>TITOLI DI RICERCA<\/em><\/h6>\n<p style=\"text-align: justify;\">Nel 1971, nel corso della redazione della tesi di laurea dal titolo \u201cLo studio di un ponte strallato con schema a ventaglio\u201d, relatore il Prof. A. Sollazzo e sotto la guida del prof. F. de Miranda, scrive e mette a punto un programma totalmente originale, per l\u2019elaboratore elettronico, che consente l\u2019analisi dei ponti strallati nel loro schema statico spaziale; il metodo di calcolo utilizzato si basa sul calcolo matriciale.<\/p>\n<p style=\"text-align: justify;\">Nel 1972 presso la Columbia University Engineering School, in New York, svolge un programma di ricerca, concordato con la Scuola stessa, sulle applicazioni dell\u2019elaboratore elettronico alla progettazione interattiva delle strutture; il programma di ricerca viene svolto sotto la guida del prof. Mario Salvadori. &#8211; Nel 1973 su incarico della Italian Art and Landscape Foudation in New York, conduce una ricerca per una struttura ripetibile, nell\u2019ambito del progetto More Streets for People. &#8211; Dal 1973 al 1975 collabora con il Prof. R. Morandi, nel suo studio in Roma, alla progettazione di varie strutture complesse. La progettazione di tali strutture implica la ricerca e la messa a punto di metodi di analisi originali, che imponendo il superamento delle semplici esigenze professionali, costituiscono l\u2019occasione per la conduzione di una approfondita sperimentazione progettuale. &#8211; Dal 1979 membro di una commissione di ricerca sul comportamento delle murature portanti in laterizio, per conto del C.N.R. (Ricerca in corso). In tale veste partecipa al convegno indetto dall\u2019A.N.D.I.L. a Corf\u00f9 e Dubrovnik. &#8211; Dal 1982 collabora col Prof. F. Mazzolani dell\u2019Universit\u00e0 di Napoli ad una ricerca sul comportamento degli edifici alti in acciaio controventature costituite da pannelli in lamiera. Un primo rapporto sulla ricerca \u00e8 stato accolto agli Atti delle Giornate Italiane della Costruzione in Acciaio, 1983 Perugia. &#8211; Nel 1983 partecipa alle giornate A.I.C.A.P. di Bari, presentando uno studio eseguito per il progetto e la costruzione di un serbatoio cilindrico in c.a.p. per il contenimento di ammoniaca liquida, in zona sismica. &#8211; Dal 1989 \u00e8 membro della Commissione Tecnico-Scientifica del Ministero dell\u2019Ambiente.<\/p>\n<p style=\"text-align: justify;\">Dal 1994 \u00e8 membro del Consiglio Direttivo dell\u2019Associazione Fulbright. \u2013<\/p>\n<h6 style=\"text-align: justify;\"><em>PUBBLICAZIONI<\/em><\/h6>\n<p style=\"text-align: justify;\">Condizioni di ottimalizzazione del peso strutturale del ponte strallato con schema a ventaglio. &#8211; F. de Miranda e F. Sylos Labini &#8211; Milano 1972.<\/p>\n<p style=\"text-align: justify;\">Contributo al calcolo dei ponti strallati.\u00a0\u00a0 G. Morabito e F. Sylos Labini &#8211; Roma 1979. &#8211; Influenza dei traversi nella ripartizione trasversale dei ponti a travata. G. Morabito, M. Prunas, F. Sylos Labini &#8211; Roma 1980.<\/p>\n<p style=\"text-align: justify;\">Computer e Strutture. &#8211; Introduzione, cura e adattamento dell\u2019edizione italiana del libro \u201cComputer Aided Structural Design\u201d di D. Clarke &#8211; Milano 1979. &#8211; Interazione pelle-ossatura nelle strutture sismo-resistenti di acciaio &#8211; F. Mazzolani e F. Sylos Labini &#8211; Roma 1983. \u2013<\/p>\n<p style=\"text-align: justify;\">Sugli effetti della perdita di forma dei ponti a cassone unicellulare a causa dei carichi orizzontali trasversali. &#8211; F. Sylos Labini &#8211; Roma 1983.<\/p>\n<p style=\"text-align: justify;\">Serbatoio in c.a.p. per il contenimento dell\u2019ammoniaca liquida &#8211; F. Sylos Labini &#8211; Roma 1983<\/p>\n<\/div>[\/vc_column][vc_column width=&#8221;1\/2&#8243;][\/vc_column][\/vc_row]\n","protected":false},"excerpt":{"rendered":"<p>[vc_row][vc_column width=&#8221;1\/2&#8243;][\/vc_column][vc_column width=&#8221;1\/2&#8243;][\/vc_column][\/vc_row]<\/p>\n","protected":false},"author":1,"featured_media":0,"parent":0,"menu_order":1,"comment_status":"closed","ping_status":"open","template":"","meta":{"spay_email":""},"jetpack_shortlink":"https:\/\/wp.me\/P6btgn-bg","_links":{"self":[{"href":"https:\/\/www.syloslabiniassociati.com\/en\/wp-json\/wp\/v2\/pages\/698"}],"collection":[{"href":"https:\/\/www.syloslabiniassociati.com\/en\/wp-json\/wp\/v2\/pages"}],"about":[{"href":"https:\/\/www.syloslabiniassociati.com\/en\/wp-json\/wp\/v2\/types\/page"}],"author":[{"embeddable":true,"href":"https:\/\/www.syloslabiniassociati.com\/en\/wp-json\/wp\/v2\/users\/1"}],"replies":[{"embeddable":true,"href":"https:\/\/www.syloslabiniassociati.com\/en\/wp-json\/wp\/v2\/comments?post=698"}],"version-history":[{"count":1,"href":"https:\/\/www.syloslabiniassociati.com\/en\/wp-json\/wp\/v2\/pages\/698\/revisions"}],"predecessor-version":[{"id":699,"href":"https:\/\/www.syloslabiniassociati.com\/en\/wp-json\/wp\/v2\/pages\/698\/revisions\/699"}],"wp:attachment":[{"href":"https:\/\/www.syloslabiniassociati.com\/en\/wp-json\/wp\/v2\/media?parent=698"}],"curies":[{"name":"wp","href":"https:\/\/api.w.org\/{rel}","templated":true}]}}